
{"id":195561,"date":"2024-04-03T10:15:25","date_gmt":"2024-04-03T08:15:25","guid":{"rendered":"https:\/\/scen.ar\/io\/?page_id=195561"},"modified":"2024-04-03T11:21:23","modified_gmt":"2024-04-03T09:21:23","slug":"benutzeraccount-loeschen","status":"publish","type":"page","link":"https:\/\/scen.ar\/io\/benutzeraccount-loeschen\/","title":{"rendered":"Benutzeraccount l\u00f6schen"},"content":{"rendered":"\n<h2 class=\"wp-block-heading\">Benutzeraccount l\u00f6schen<\/h2>\n\n\n\n<p>Du hast jederzeit die M\u00f6glichkeit deinen Benutzeraccount DSGVO-konform zu l\u00f6schen. Dabei werden alle Daten die deinen Benutzeraccount betreffen unwiderruflich gel\u00f6scht. Das betrifft vor allem Spielst\u00e4nde, Bewertungen, ver\u00f6ffentliche und freigeschaltete Spiele sowie deinen Kontostand. Restguthaben verf\u00e4llt und kann nicht ausgezahlt werden. <\/p>\n\n\n\n<p>S\u00e4mtliche Daten die im Zusammenhang mit der App- oder Accountnutzung aufgezeichnet werden, werden ebenfalls gel\u00f6scht.<\/p>\n\n\n\n<p>Du musst eingeloggt sein, damit du deinen Account l\u00f6schen kannst. <\/p>\n\n\n\n<p><code>[plugin_delete_me \/]<\/code><\/p>\n","protected":false},"excerpt":{"rendered":"<p>Benutzeraccount l\u00f6schen Du hast jederzeit die M\u00f6glichkeit deinen Benutzeraccount DSGVO-konform zu l\u00f6schen. Dabei werden alle Daten die deinen Benutzeraccount betreffen unwiderruflich gel\u00f6scht. Das betrifft vor allem Spielst\u00e4nde, Bewertungen, ver\u00f6ffentliche und freigeschaltete Spiele sowie deinen Kontostand. Restguthaben verf\u00e4llt und kann nicht ausgezahlt werden. S\u00e4mtliche Daten die im Zusammenhang mit der App- oder Accountnutzung aufgezeichnet werden, werden [&hellip;]<\/p>\n","protected":false},"author":10,"featured_media":0,"parent":0,"menu_order":0,"comment_status":"closed","ping_status":"closed","template":"","meta":{"footnotes":""},"class_list":["post-195561","page","type-page","status-publish","hentry"],"_links":{"self":[{"href":"https:\/\/scen.ar\/io\/wp-json\/wp\/v2\/pages\/195561","targetHints":{"allow":["GET"]}}],"collection":[{"href":"https:\/\/scen.ar\/io\/wp-json\/wp\/v2\/pages"}],"about":[{"href":"https:\/\/scen.ar\/io\/wp-json\/wp\/v2\/types\/page"}],"author":[{"embeddable":true,"href":"https:\/\/scen.ar\/io\/wp-json\/wp\/v2\/users\/10"}],"replies":[{"embeddable":true,"href":"https:\/\/scen.ar\/io\/wp-json\/wp\/v2\/comments?post=195561"}],"version-history":[{"count":4,"href":"https:\/\/scen.ar\/io\/wp-json\/wp\/v2\/pages\/195561\/revisions"}],"predecessor-version":[{"id":195566,"href":"https:\/\/scen.ar\/io\/wp-json\/wp\/v2\/pages\/195561\/revisions\/195566"}],"wp:attachment":[{"href":"https:\/\/scen.ar\/io\/wp-json\/wp\/v2\/media?parent=195561"}],"curies":[{"name":"wp","href":"https:\/\/api.w.org\/{rel}","templated":true}]}}