
{"id":200003,"date":"2025-11-13T13:02:34","date_gmt":"2025-11-13T12:02:34","guid":{"rendered":"https:\/\/scen.ar\/io\/?page_id=200003"},"modified":"2025-11-13T13:03:13","modified_gmt":"2025-11-13T12:03:13","slug":"impressum","status":"publish","type":"page","link":"https:\/\/scen.ar\/io\/impressum\/","title":{"rendered":"Impressum"},"content":{"rendered":"<main class=\"page-impressum container\">\n  <header class=\"page-header\">\n    <p>Angaben gem\u00e4\u00df \u00a7 5 TMG<\/p>\n  <\/header>\n\n  <!-- 1. Verantwortlicher Diensteanbieter -->\n  <section>\n    <h2>Verantwortlicher Diensteanbieter<\/h2>\n    <p>\n      <strong>AdventureKingz GmbH<\/strong><br>\n      scenario.app \u2013 Outdoor-Abenteuer &amp; Stadterlebnisse<br>\n      Unter den Linden 7<br>\n      38112 Braunschweig<br>\n      Deutschland\n    <\/p>\n\n    <p>\n      Vertreten durch die Gesch\u00e4ftsf\u00fchrer:<br>\n      David Wright, David Nacke\n    <\/p>\n\n    <p>\n      Telefon: +49-531-1805200<br>\n      E-Mail: <a href=\"mailto:hello@scenario.app\">hallo@scenario.app<\/a><br>\n      Web: <a href=\"https:\/\/scenario.app\">https:\/\/scenario.app<\/a>\n    <\/p>\n  <\/section>\n\n  <!-- 2. Registereintrag -->\n  <section>\n    <h2>Registereintrag<\/h2>\n    <p>\n      Eintragung im Handelsregister.<br>\n      Registergericht: Amtsgericht Braunschweig<br>\n      Registernummer: HRB209111\n    <\/p>\n\n    <p>\n      Umsatzsteuer-Identifikationsnummer gem\u00e4\u00df \u00a7 27 a Umsatzsteuergesetz:<br>\n      DE341655463\n    <\/p>\n  <\/section>\n\n  <!-- 3. Verantwortlich f\u00fcr Inhalte -->\n  <section>\n    <h2>Verantwortlich f\u00fcr den Inhalt nach \u00a7 18 Abs. 2 MStV<\/h2>\n    <p>\n      <!-- Verantwortliche Person eintragen -->\n      David Wright<br>\n      c\/o AdventureKingz GmbH<br>\n      Unter den Linden 7<br>\n      38112 Braunschweig<br>\n      Deutschland\n    <\/p>\n  <\/section>\n\n  <!-- 4. Online-Streitbeilegung & Verbraucherschlichtung -->\n  <section>\n    <h2>EU-Streitschlichtung \/ Verbraucherschlichtung<\/h2>\n    <p>\n      Die Europ\u00e4ische Kommission stellt eine Plattform zur Online-Streitbeilegung (OS)\n      bereit: <a href=\"https:\/\/ec.europa.eu\/consumers\/odr\" target=\"_blank\" rel=\"noopener\">\n      https:\/\/ec.europa.eu\/consumers\/odr<\/a>.\n    <\/p>\n    <p>\n      Wir sind nicht bereit oder verpflichtet, an Streitbeilegungsverfahren vor einer\n      Verbraucherschlichtungsstelle teilzunehmen.\n    <\/p>\n  <\/section>\n\n  <!-- 5. Haftung f\u00fcr Inhalte -->\n  <section>\n    <h2>Haftung f\u00fcr Inhalte<\/h2>\n    <p>\n      Als Diensteanbieter sind wir gem\u00e4\u00df \u00a7 7 Abs. 1 TMG f\u00fcr eigene Inhalte auf diesen\n      Seiten nach den allgemeinen Gesetzen verantwortlich. Nach \u00a7\u00a7 8 bis 10 TMG sind wir\n      als Diensteanbieter jedoch nicht verpflichtet, \u00fcbermittelte oder gespeicherte fremde\n      Informationen zu \u00fcberwachen oder nach Umst\u00e4nden zu forschen, die auf eine\n      rechtswidrige T\u00e4tigkeit hinweisen.\n    <\/p>\n    <p>\n      Verpflichtungen zur Entfernung oder Sperrung der Nutzung von Informationen nach den\n      allgemeinen Gesetzen bleiben hiervon unber\u00fchrt. Eine diesbez\u00fcgliche Haftung ist\n      jedoch erst ab dem Zeitpunkt der Kenntnis einer konkreten Rechtsverletzung m\u00f6glich.\n      Bei Bekanntwerden von entsprechenden Rechtsverletzungen werden wir diese Inhalte\n      umgehend entfernen.\n    <\/p>\n  <\/section>\n\n  <!-- 6. Haftung f\u00fcr Links -->\n  <section>\n    <h2>Haftung f\u00fcr Links<\/h2>\n    <p>\n      Unser Angebot enth\u00e4lt Links zu externen Websites Dritter, auf deren Inhalte wir\n      keinen Einfluss haben. Deshalb k\u00f6nnen wir f\u00fcr diese fremden Inhalte auch keine\n      Gew\u00e4hr \u00fcbernehmen. F\u00fcr die Inhalte der verlinkten Seiten ist stets der jeweilige\n      Anbieter oder Betreiber der Seiten verantwortlich.\n    <\/p>\n    <p>\n      Die verlinkten Seiten wurden zum Zeitpunkt der Verlinkung auf m\u00f6gliche\n      Rechtsverst\u00f6\u00dfe \u00fcberpr\u00fcft. Rechtswidrige Inhalte waren zum Zeitpunkt der Verlinkung\n      nicht erkennbar. Eine permanente inhaltliche Kontrolle der verlinkten Seiten ist\n      jedoch ohne konkrete Anhaltspunkte einer Rechtsverletzung nicht zumutbar. Bei\n      Bekanntwerden von Rechtsverletzungen werden wir derartige Links umgehend entfernen.\n    <\/p>\n  <\/section>\n\n  <!-- 7. Urheberrecht -->\n  <section>\n    <h2>Urheberrecht<\/h2>\n    <p>\n      Die durch die Seitenbetreiber erstellten Inhalte und Werke auf diesen Seiten\n      unterliegen dem deutschen Urheberrecht. Die Vervielf\u00e4ltigung, Bearbeitung,\n      Verbreitung und jede Art der Verwertung au\u00dferhalb der Grenzen des Urheberrechtes\n      bed\u00fcrfen der schriftlichen Zustimmung des jeweiligen Autors bzw. Erstellers.\n    <\/p>\n    <p>\n      Downloads und Kopien dieser Seite sind nur f\u00fcr den privaten, nicht kommerziellen\n      Gebrauch gestattet, sofern nicht ausdr\u00fccklich anders angegeben. Soweit die Inhalte\n      auf dieser Seite nicht vom Betreiber erstellt wurden, werden die Urheberrechte\n      Dritter beachtet. Insbesondere werden Inhalte Dritter als solche gekennzeichnet.\n      Sollten Sie trotzdem auf eine Urheberrechtsverletzung aufmerksam werden, bitten wir\n      um einen entsprechenden Hinweis. Bei Bekanntwerden von Rechtsverletzungen werden wir\n      derartige Inhalte umgehend entfernen.\n    <\/p>\n  <\/section>\n\n  <!-- 8. Bildnachweise -->\n  <section>\n    <h2>Bildnachweise<\/h2>\n    <p>\n      Eigenes Bildmaterial der AdventureKingz GmbH \/ scenario.app.<br>\n      Weitere Bildnachweise und Credits werden, sofern erforderlich, direkt am jeweiligen\n      Bild bzw. Inhalt ausgewiesen.\n    <\/p>\n  <\/section>\n\n  <!-- 9. Geltung f\u00fcr Social-Media-Auftritte -->\n  <section>\n    <h2>Geltung f\u00fcr Social-Media-Auftritte<\/h2>\n    <p>\n      Dieses Impressum gilt auch f\u00fcr unsere folgenden Social-Media-Auftritte:\n    <\/p>\n    <ul>\n      <li><a href=\"https:\/\/www.instagram.com\/scenario.app\/\" target=\"_blank\" rel=\"noopener\">Instagram<\/a><\/li>\n      <li><a href=\"https:\/\/www.youtube.com\/@scenarioapp\" target=\"_blank\" rel=\"noopener\">YouTube<\/a><\/li>\n      <li><a href=\"https:\/\/www.tiktok.com\/@scenario.app\" target=\"_blank\" rel=\"noopener\">TikTok<\/a><\/li>\n      <li><a href=\"https:\/\/whatsapp.com\/channel\/0029VaahNCdKLaHjV0tNx71S\" target=\"_blank\" rel=\"noopener\">WhatsApp Channel<\/a><\/li>\n      <li><a href=\"https:\/\/www.threads.net\/@scenario.app\" target=\"_blank\" rel=\"noopener\">Threads<\/a><\/li>\n      <li><a href=\"https:\/\/x.com\/_scenarioapp\" target=\"_blank\" rel=\"noopener\">X<\/a><\/li>\n      <li><a href=\"https:\/\/www.linkedin.com\/company\/scenario-app-adventures\/\" target=\"_blank\" rel=\"noopener\">LinkedIn<\/a><\/li>\n    <\/ul>\n  <\/section>\n\n  <section>\n    <p><em>Stand: <!-- Datum eintragen -->November 2025<\/em><\/p>\n  <\/section>\n<\/main>\n","protected":false},"excerpt":{"rendered":"<p>Angaben gem\u00e4\u00df \u00a7 5 TMG Verantwortlicher Diensteanbieter AdventureKingz GmbH scenario.app \u2013 Outdoor-Abenteuer &amp; Stadterlebnisse Unter den Linden 7 38112 Braunschweig Deutschland Vertreten durch die Gesch\u00e4ftsf\u00fchrer: David Wright, David Nacke Telefon: +49-531-1805200 E-Mail: hallo@scenario.app Web: https:\/\/scenario.app Registereintrag Eintragung im Handelsregister. Registergericht: Amtsgericht Braunschweig Registernummer: HRB209111 Umsatzsteuer-Identifikationsnummer gem\u00e4\u00df \u00a7 27 a Umsatzsteuergesetz: DE341655463 Verantwortlich f\u00fcr den Inhalt [&hellip;]<\/p>\n","protected":false},"author":2,"featured_media":0,"parent":0,"menu_order":0,"comment_status":"closed","ping_status":"closed","template":"","meta":{"footnotes":""},"class_list":["post-200003","page","type-page","status-publish","hentry"],"_links":{"self":[{"href":"https:\/\/scen.ar\/io\/wp-json\/wp\/v2\/pages\/200003","targetHints":{"allow":["GET"]}}],"collection":[{"href":"https:\/\/scen.ar\/io\/wp-json\/wp\/v2\/pages"}],"about":[{"href":"https:\/\/scen.ar\/io\/wp-json\/wp\/v2\/types\/page"}],"author":[{"embeddable":true,"href":"https:\/\/scen.ar\/io\/wp-json\/wp\/v2\/users\/2"}],"replies":[{"embeddable":true,"href":"https:\/\/scen.ar\/io\/wp-json\/wp\/v2\/comments?post=200003"}],"version-history":[{"count":2,"href":"https:\/\/scen.ar\/io\/wp-json\/wp\/v2\/pages\/200003\/revisions"}],"predecessor-version":[{"id":200005,"href":"https:\/\/scen.ar\/io\/wp-json\/wp\/v2\/pages\/200003\/revisions\/200005"}],"wp:attachment":[{"href":"https:\/\/scen.ar\/io\/wp-json\/wp\/v2\/media?parent=200003"}],"curies":[{"name":"wp","href":"https:\/\/api.w.org\/{rel}","templated":true}]}}