
{"id":24375,"date":"2021-07-16T23:42:24","date_gmt":"2021-07-16T21:42:24","guid":{"rendered":"https:\/\/scen.ar\/io\/?page_id=24375"},"modified":"2024-06-19T09:23:17","modified_gmt":"2024-06-19T07:23:17","slug":"datenschutz","status":"publish","type":"page","link":"https:\/\/scen.ar\/io\/datenschutz\/","title":{"rendered":"Datenschutzerkl\u00e4rung"},"content":{"rendered":"\n<h1>Datenschutzerkl\u00e4rung und DSGVO<\/h1>\n\n\n\n<p>Diese Datenschutzerkl\u00e4rung kl\u00e4rt Nutzer \u00fcber die Art, den Umfang und Zwecke der Erhebung und Verwendung personenbezogener Daten durch den verantwortlichen Anbieter AdventureKingz GmbH, Unter den Linden 7, 38112 Braunschweig, hallo@scenario.app,&nbsp; (0531) 1805200, auf dieser Website, innerhalb unserer App (scen.ar\/io; Apple AppStore und Google Playstore), sowie innerhalb der scen.ar\/io Storyboard App (ebenfalls im Apple AppStore und bei Googplay erh\u00e4ltlich) (im folgenden \u201cAngebot\u201d) auf.<\/p>\n\n\n\n<p>Die rechtlichen Grundlagen des Datenschutzes finden sich im Bundesdatenschutzgesetz (BDSG) und dem Telemediengesetz (TMG).<\/p>\n\n\n\n<h5 class=\"wp-block-heading\">Du kannst dir jederzeit Auskunft \u00fcber die von dir erhobenen Daten bei uns einholen. Schreib uns eine E-Mail an datenschutz@scenario.app. <\/h5>\n\n\n\n<h3 class=\"wp-block-heading\">Einwilligung zur Datenspeicherung<\/h3>\n\n\n\n<p><strong>Wie in den AGB festgelegt ist, musst du zur Nutzung der scen.ar\/io-App oder des Scenario-Editors mindestens 18 Jahre alt sein. Zur Einwilligung in die Speicherung deiner Daten musst du mindestens 16 Jahre alt sein. Wenn du noch nicht 16 Jahre alt bist, best\u00e4tigst du mit der Einwilligung, dass du deine Eltern oder eine\/n andere\/n Erziehungsberechtigte\/n um Erlaubnis gefragt hast.<\/strong><\/p>\n\n\n\n<p><strong>Einfach erkl\u00e4rt<\/strong><br>scen.ar\/io speichert, was du eingibst. Anders kann scen.ar\/io nicht funktionieren. Wir m\u00f6chten aber nicht wissen, wer du bist. Du darfst unbekannt bleiben. Du kannst zum Beispiel einen Spitznamen benutzen. Du kannst im Spiel trotzdem mitteilen, wer du bist. Zum Beispiel kannst du deine E-Mail-Adresse benutzen, um Ergebnisse oder Fotos zu erhalten. Das machst du freiwillig. Wir speichern diese Daten. Wir nutzen diese Daten ausschlie\u00dflich, um dir die Nutzung von scen.ar\/io zu erm\u00f6glichen.<\/p>\n\n\n\n<p><strong>Verbindlich erkl\u00e4rt<\/strong><br>scen.ar\/io verarbeitet nach den Vorgaben des Erstellers dieses scen.ar\/io &#8217;s Daten in eigener Verantwortlichkeit. Ansonsten k\u00f6nnte scen.ar\/io auch nicht funktionieren, da scen.ar\/io dazu auf Nutzereingaben angewiesen ist. Durch das Design des Programms versuchen wir jedoch, soweit wie m\u00f6glich, keine personenbezogenen Daten zu speichern. Personenbezogene Daten sind Daten, aus denen auf dich pers\u00f6nlich geschlossen werden kann oder die dich im echten Leben direkt identifizieren, z. B. dein Name oder deine Telefonnummer. Du kannst unsere Webseite und die App ohne die Eingabe von personenbezogenen Daten nutzen. Das Programm bietet zum Beispiel jedem Teilnehmer die M\u00f6glichkeit an, einen Spitznamen als Pseudonym zu w\u00e4hlen. Um scen.ar\/io&#8217;s Spielen zu k\u00f6nnen, musst du eine E-Mail-Adresse angeben, da wir ansonsten keine M\u00f6glichkeit haben, dich bei Problemen oder Nachfragen zu kontaktieren.<\/p>\n\n\n\n<p>Deine IP-Adresse wird nur verarbeitet und gespeichert, soweit dies erforderlich ist, um App und Webseite zu nutzen. Einen Abgleich der IP-Adresse mit anderen Daten nehmen wir nicht vor.<\/p>\n\n\n\n<p>Gleichzeitig besteht etwa die M\u00f6glichkeit, eine E-Mail-Adresse anzugeben, um einen Link zu Ergebnissen und anderen Inhalten per E-Mail zu erhalten. Der scen.ar\/io-Autor kann personenbezogene Daten von dir erfragen; es kann auch sein, dass du statt deines Spitznamens deinen tats\u00e4chlichen Namen selber eingibst. Du willigst hiermit ein, dass derart abgefragte oder freiwillig eingegebene personenbezogene Daten von scen.ar\/io verarbeitet werden.<\/p>\n\n\n\n<p>Wir verwenden Cookies, das sind kleine Textdateien, die auf deinem Endger\u00e4t gespeichert und von deinem Browser gelesen werden. Sie helfen uns dabei, die Webseite nutzerfreundlich zu gestalten. Du hast die M\u00f6glichkeit, bei deinem Browser einzustellen, dass er keine Cookies speichern soll.<\/p>\n\n\n\n<p>Wer ein scen.ar\/io macht, soll dich nach bestimmten Dingen gar nicht fragen. Zum Beispiel geht es keinen etwas an, welche Partei du gut findest oder woran du glaubst. Du musst auf keine der Fragen antworten. Wenn du solche Fragen dennoch beantwortest, willigst du ein, dass wir deine Antworten auch speichern.<\/p>\n\n\n\n<p>Wir haben den scen-ar\/io-Ersteller im Sinne einer strengen Datenvermeidung verpflichtet, keine Angaben \u00fcber rassische und ethnische Herkunft, politische Meinungen, religi\u00f6se oder weltanschauliche \u00dcberzeugungen oder die Gewerkschaftszugeh\u00f6rigkeit, sowie \u00fcber genetische Daten, biometrische Daten, Gesundheitsdaten oder Daten zum Sexualleben oder der sexuellen Orientierung oder Daten \u00fcber strafrechtliche Verurteilungen und Straftaten der scen.ar\/io-Spieler zu erheben. Es kann in Ausnahmef\u00e4llen vorkommen, dass scen.ar\/io-Ersteller sich nicht an diese Vorgabe halten. Bitte wende dich dann direkt an hilfe@scenario.app. Wenn du dich entscheidest, dennoch zu antworten, willigst du hiermit auch ein, dass die entsprechenden Antworten von uns verarbeitet werden.<\/p>\n\n\n\n<p>Wir sorgen daf\u00fcr, dass deine Daten sicher gespeichert werden. Du kannst jederzeit fragen, welche Daten wir \u00fcber dich gespeichert haben. Du kannst uns jederzeit Bescheid sagen, wenn deine Daten gel\u00f6scht, gesperrt oder berichtigt werden sollen. Wir geben deine Daten nicht weiter.<\/p>\n\n\n\n<p>Die Daten, die wir verarbeiten, werden bei uns nur auf Servern innerhalb Deutschlands gespeichert und nicht an Drittl\u00e4nder weitergegeben.<\/p>\n\n\n\n<p>Wenn du deine Daten l\u00f6schen, korrigieren oder sperren m\u00f6chtest oder Auskunft ben\u00f6tigst, melde dich einfach bei uns, am besten unter <a href=\"mailto:info@actionbound.de\">hilfe@scenario.app<\/a>. Du kannst deinen Account auch online l\u00f6schen. Verwende dazu folgenden Link: <a href=\"https:\/\/scen.ar\/io\/benutzeraccount-loeschen\/\">https:\/\/scen.ar\/io\/benutzeraccount-loeschen\/<\/a><\/p>\n\n\n\n<p>Im Einzelnen hast du uns gegen\u00fcber folgende Rechte:<\/p>\n\n\n\n<ul class=\"wp-block-list\">\n<li>das Recht auf Information \u00fcber die Datenerhebung<\/li>\n\n\n\n<li>das Recht auf Auskunft \u00fcber erhobene Daten<\/li>\n\n\n\n<li>das Recht auf Widerspruch bzw. auf Widerruf dieser Einwilligung<\/li>\n\n\n\n<li>das Recht auf Berichtigung, L\u00f6schung und Einschr\u00e4nkung deiner Daten<\/li>\n\n\n\n<li>das Recht auf Daten\u00fcbertragbarkeit.<\/li>\n<\/ul>\n\n\n\n<p>Zur Verwirklichung deines Informationsrechtes hier noch einmal zusammengefasst (Art. 13 DS-GVO):<\/p>\n\n\n\n<p>Verantwortlich sind David Wright und David Nacke unter der Gesch\u00e4ftsadresse Unter den Linden 7 in 38112 Braunschweig, Deutschland, E-Mail hallo@scenario.app, Telefon +49 (0) 531 &#8211; 1805200<\/p>\n\n\n\n<p>Erhoben werden Daten ausschlie\u00dflich zur Erm\u00f6glichung der Nutzung unserer Webseite und App auf Grundlage dieser Einwilligung und Art. 6 Abs. 1 lit. a) und b) DS-GVO.<\/p>\n\n\n\n<p>Deine Daten werden nicht weitergegeben und l\u00e4ngstens gespeichert, bis der Ersteller der gespielten scen.ar\/io\u00b4s das Spiel oder seinen Account l\u00f6scht. Du kannst dich bei der zust\u00e4ndigen Aufsichtsbeh\u00f6rde \u00fcber uns beschweren.<\/p>\n\n\n\n<p>Die Anschrift der f\u00fcr unser Unternehmen zust\u00e4ndigen Aufsichtsbeh\u00f6rde lautet:<\/p>\n\n\n\n<p>Bayerisches Landesamt f\u00fcr Datenschutzaufsicht (BayLDA), Promenade 27, 91522 Ansbach, Telefon: +49 (0) 981 53 1300, E-Mail: poststelle@lda.bayern.de<\/p>\n\n\n\n<p>Die Bereitstellung von Daten zur Nutzung unseres Angebotes ist weder gesetzlich noch vertraglich vorgeschrieben oder &#8211; mit Ausnahme der Angabe einer E-Mail-Adresse bei Erstellung eines scen.ar\/io\u00b4s &#8211; f\u00fcr einen Vertragsabschluss erforderlich. Wenn du keine pers\u00f6nlichen oder personenbezogenen Daten bereitstellst, hat dies keine weiteren Folgen f\u00fcr die Nutzung unseres Angebotes.<\/p>\n\n\n\n<p>Dadurch, dass du die App scen.ar\/io nur digital nutzt und wir im Sinne der Datenvermeidung grunds\u00e4tzlich keine personenbezogenen Daten wie Post- oder E-Mail-Adresse von dir speichern wollen, reicht an dieser Stelle die Zustimmung auf elektronischem Wege.<\/p>\n\n\n\n<p>Deine Daten werden von scen.ar\/io nicht verkauft oder sonstwie an Dritte weitergegeben.<\/p>\n\n\n\n<p>Hier kommen noch einige Einzelheiten, die technisch notwendig sind:<\/p>\n\n\n\n<p><strong>Zugriffsdaten\/ Server-Logfiles<\/strong><br>Der Anbieter (beziehungsweise sein Webspace-Provider) erhebt Daten \u00fcber jeden Zugriff auf das Angebot (so genannte Serverlogfiles). Zu den Zugriffsdaten geh\u00f6ren:<\/p>\n\n\n\n<ul class=\"wp-block-list\">\n<li>Name der abgerufenen Webseite<\/li>\n\n\n\n<li>Datei, Datum und Uhrzeit des Abrufs<\/li>\n\n\n\n<li>\u00fcbertragene Datenmenge<\/li>\n\n\n\n<li>Meldung \u00fcber erfolgreichen Abruf<\/li>\n\n\n\n<li>Browsertyp nebst Version<\/li>\n\n\n\n<li>das Betriebssystem des Nutzers<\/li>\n\n\n\n<li>Referrer URL (die zuvor besuchte Seite)<\/li>\n\n\n\n<li>IP-Adresse und der anfragende Provider<\/li>\n<\/ul>\n\n\n\n<p>Der Anbieter verwendet die Protokolldaten nur f\u00fcr statistische Auswertungen zum Zweck des Betriebs, der Sicherheit und der Optimierung des Angebotes. Der Anbieter beh\u00e4lt sich jedoch vor, die Protokolldaten nachtr\u00e4glich zu \u00fcberpr\u00fcfen, wenn auf Grund konkreter Anhaltspunkte der berechtigte Verdacht einer rechtswidrigen Nutzung besteht.<\/p>\n\n\n\n<p><strong>Umgang mit personenbezogenen Daten<\/strong><br>Personenbezogene Daten sind Informationen, mit deren Hilfe eine Person bestimmbar ist, also Angaben, die zur\u00fcck zu einer Person verfolgt werden k\u00f6nnen. Dazu geh\u00f6ren der Name, die E-Mail-Adresse oder die Telefonnummer. Aber auch Daten \u00fcber Vorlieben, Hobbies, Mitgliedschaften oder welche Webseiten von jemandem angesehen wurden z\u00e4hlen zu personenbezogenen Daten. Personenbezogene Daten werden von dem Anbieter nur dann erhoben, genutzt und weiter gegeben, wenn dies gesetzlich erlaubt ist oder die Nutzer in die Datenerhebung einwilligen.<\/p>\n\n\n\n<p><strong>Registrierfunktion<\/strong><br>Die im Rahmen der Registrierung eingegebenen Daten werden f\u00fcr die Zwecke der Nutzung des Angebotes verwendet. Die Nutzer k\u00f6nnen \u00fcber angebots- oder registrierungsrelevante Informationen, wie \u00c4nderungen des Angebotsumfangs oder technische Umst\u00e4nde per E-Mail informiert werden. Die erhobenen Daten sind aus der Eingabemaske im Rahmen der Registrierung ersichtlich. Dazu geh\u00f6ren Daten wie der Benutzername und die E-Mail-Adresse.<\/p>\n\n\n\n<p><strong>Kontaktaufnahme<\/strong><br>Bei der Kontaktaufnahme mit dem Anbieter (zum Beispiel per Kontaktformular oder E-Mail) werden die Angaben des Nutzers zwecks Bearbeitung der Anfrage sowie f\u00fcr den Fall, dass Anschlussfragen entstehen, gespeichert.<\/p>\n\n\n\n<p><strong>Kommentare und Beitr\u00e4ge<\/strong><br>Wenn Nutzer Kommentare im Blog oder sonstige Beitr\u00e4ge hinterlassen, werden ihre IP-Adressen gespeichert. Das erfolgt zur Sicherheit des Anbieters, falls jemand in Kommentaren und Beitr\u00e4gen widerrechtliche Inhalte schreibt (Beleidigungen, verbotene politische Propaganda etc.). In diesem Fall kann der Anbieter selbst f\u00fcr den Kommentar oder Beitrag belangt werden und ist daher an der Identit\u00e4t des Verfassers interessiert.<\/p>\n\n\n\n<p><strong>Newsletter<\/strong><br>Mit dem Newsletter informieren wir euch \u00fcber uns und unsere Angebote. Wenn du den Newsletter empfangen m\u00f6chtest, ben\u00f6tigen wir von dir eine valide E-Mail-Adresse sowie Informationen, die uns die \u00dcberpr\u00fcfung gestatten, dass du der Inhaber der angegebenen Email-Adresse bist bzw. deren Inhaber mit dem Empfang des Newsletters einverstanden ist. Weitere Daten werden nicht erhoben. Diese Daten werden nur f\u00fcr den Versand der Newsletter verwendet und werden nicht an Dritte weitergegeben. Mit der Anmeldung zum Newsletter speichern wir deine IP-Adresse und das Datum der Anmeldung. Diese Speicherung dient alleine dem Nachweis im Fall, dass ein Dritter eine E-Mail-Adresse missbraucht und sich ohne Wissen des Berechtigten f\u00fcr den Newsletterempfang anmeldet. Deine Einwilligung zur Speicherung der Daten, der E-Mail-Adresse sowie deren Nutzung zum Versand des Newsletters kannst du jederzeit widerrufen. Der Widerruf kann \u00fcber einen Link in den Newslettern selbst, in deinem Profilbereich oder per Mitteilung an die oben stehenden Kontaktm\u00f6glichkeiten erfolgen.<\/p>\n\n\n\n<p><strong>Cookies<\/strong><br>Wenn Nutzer das Angebot aufrufen, werden ein oder mehrere Cookies auf seinem Rechner gespeichert. Ein Cookie ist eine kleine Datei, die eine bestimmte Zeichenfolge enth\u00e4lt und ihren Browser eindeutig identifiziert. Mit Hilfe von Cookies verbessert der Anbieter den Komfort und die Qualit\u00e4t seines Services, indem zum Beispiel Nutzereinstellungen gespeichert werden. Cookies richten auf dem Rechner der Nutzer keinen Schaden an und enthalten keine Viren. Eine Nutzung des Angebotes ist auch ohne Cookies m\u00f6glich. Nutzer k\u00f6nnen in ihrem Browser das Speichern von Cookies deaktivieren, auf bestimmte Webseiten beschr\u00e4nken oder ihren Browser so einstellen, dass er sie benachrichtigt, bevor ein Cookie gespeichert wird. Sie k\u00f6nnen die Cookies \u00fcber die Datenschutzfunktionen ihres Browsers jederzeit von der Festplatte ihres Rechners l\u00f6schen. In diesem Fall, k\u00f6nnten die Funktionen und die Benutzerfreundlichkeit des Angebots eingeschr\u00e4nkt werden.<\/p>\n\n\n\n<p><strong>Google<\/strong><br>Mit Google LLC. wurde ein Vertrag mit EU-Standardvertragsklauseln geschlossen. Die Zusammenarbeit mit Google LLC in datenschutzrechtlicher Hinsicht erfolgt auf der Grundlage eines abgeschlossenen Vertrags \u00fcber die gemeinsame Verantwortlichkeit nach Art. 26 DSGVO, abrufbar unter <a href=\"https:\/\/privacy.google.com\/intl\/de\/businesses\/mapscontrollerterms\/\">https:\/\/privacy.google.com\/<\/a><br><a href=\"https:\/\/privacy.google.com\/intl\/de\/businesses\/mapscontrollerterms\/\">intl\/de\/businesses\/mapscontrollerterms\/<\/a>.<\/p>\n\n\n\n<p><strong>YouTube<\/strong><br>Wir verwenden f\u00fcr die Einbettung von Videos auf unserer Seite teilweise YouTube. Der Anbieter des Videoportals ist YouTube LLC, 901 Cherry Avenue, San Bruno, CA 94066, USA, bereitgestellt von Google Ireland Limited, Gordon House, Barrow Street, Dublin 4, Irland.<\/p>\n\n\n\n<p>Die Videos werden mit dem \u201cerweiterten Datenschutzmodus\u201d eingebunden.<\/p>\n\n\n\n<p>YouTube sichert zu, dass \u201cWenn du den erweiterten Datenschutzmodus aktivierst, werden von YouTube keine Informationen \u00fcber die Besucher auf deiner Website gespeichert, es sei denn, sie sehen sich das Video an.\u201d<\/p>\n\n\n\n<p>Durch den \u201cerweiterten Datenschutzmodus\u201d wird verhindert, dass bereits bei Aufrufen der Seite Cookies von YouTube gespeichert werden oder personenbezogene Daten \u00fcbermittelt werden. YouTube nimmt trotzdem noch Kontakt mit dem Dienst Double Klick von Google auf. Laut der Datenschutzerkl\u00e4rung von Google werden hierbei aber keine personenbezogene Daten ausgewertet.<\/p>\n\n\n\n<p>Wird das Video gestartet, wird deine IP-Adresse sowie die im Abschnitt \u201cZugriffsdaten\u201d genannten Daten an YouTube \u00fcbermittelt und YouTube erf\u00e4hrt, dass du das Video angesehen hast und wenn du bei YouTube oder einem anderen Google-Dienst eingeloggt bist, wird diese Information deinem Benutzer-Konto zugeordnet.<\/p>\n\n\n\n<p>N\u00e4here Informationen finden sich in der Datenschutzerkl\u00e4rung von Google unter <a href=\"https:\/\/www.google.com\/policies\/privacy\/\">https:\/\/www.google.com\/policies\/privacy\/<\/a>.<\/p>\n\n\n\n<p><strong>Google Maps<\/strong><br>Unser Angebot nutzt zur Darstellung von Karten teilweise die Google Maps API, einen Kartendienst von Google LLC, 1600 Amphitheatre Parkway, Mountain View, CA 94043, USA.<\/p>\n\n\n\n<p>Zur Nutzung der Funktionen von Google Maps ist es notwendig, deine IP Adresse zu speichern. Diese Informationen werden in der Regel an einen Server von Google in den USA \u00fcbertragen und dort gespeichert. Wir haben keinen Einfluss auf diese Daten\u00fcbertragung.<\/p>\n\n\n\n<p>Die Rechtsgrundlage dieser Datenverarbeitung ist Art. 6 Abs. 1 b) DSGVO, da die IP-Adresse ben\u00f6tigt wird, um dir die Inhalte f\u00fcr die Karten liefern zu k\u00f6nnen. Bei dieser Verarbeitung erfolgt unsere Zusammenarbeit mit Google auf Grundlage eines Vertrags \u00fcber die gemeinsame Verantwortlichkeit gem\u00e4\u00df Art. 26 DSGVO, der hier abgerufen werden kann: <a href=\"https:\/\/privacy.google.com\/intl\/de\/businesses\/mapscontrollerterms\/\">https:\/\/privacy.google.com\/intl\/de\/<\/a><br><a href=\"https:\/\/privacy.google.com\/intl\/de\/businesses\/mapscontrollerterms\/\">businesses\/mapscontrollerterms\/<\/a><\/p>\n\n\n\n<p>Weitere Informationen zur Datenverarbeitung durch Google findest du in den Datenschutzrichtlinien von Google unter <a href=\"https:\/\/www.google.com\/policies\/privacy\/\">https:\/\/www.google.com\/policies\/privacy\/<\/a>.<\/p>\n\n\n\n<p><strong>Google Fonts<\/strong><br>Bei der Nutzung von Google Maps wird automatisch eine Google Font (Schriftart) des Anbieters Google Ireland Limited, Gordon House, Barrow Street, Dublin 4, Irland, geladen. Dies kann nicht unterbunden werden. Die Datenschutzerkl\u00e4rung von Google findet sich hier: <a href=\"https:\/\/www.google.com\/policies\/privacy\/\">https:\/\/www.google.com\/policies\/privacy\/<\/a>.<\/p>\n","protected":false},"excerpt":{"rendered":"<p>Datenschutzerkl\u00e4rung und DSGVO Diese Datenschutzerkl\u00e4rung kl\u00e4rt Nutzer \u00fcber die Art, den Umfang und Zwecke der Erhebung und Verwendung personenbezogener Daten durch den verantwortlichen Anbieter AdventureKingz GmbH, Unter den Linden 7, 38112 Braunschweig, hallo@scenario.app,&nbsp; (0531) 1805200, auf dieser Website, innerhalb unserer App (scen.ar\/io; Apple AppStore und Google Playstore), sowie innerhalb der scen.ar\/io Storyboard App (ebenfalls im [&hellip;]<\/p>\n","protected":false},"author":2,"featured_media":0,"parent":0,"menu_order":0,"comment_status":"closed","ping_status":"closed","template":"","meta":{"footnotes":""},"class_list":["post-24375","page","type-page","status-publish","hentry"],"_links":{"self":[{"href":"https:\/\/scen.ar\/io\/wp-json\/wp\/v2\/pages\/24375","targetHints":{"allow":["GET"]}}],"collection":[{"href":"https:\/\/scen.ar\/io\/wp-json\/wp\/v2\/pages"}],"about":[{"href":"https:\/\/scen.ar\/io\/wp-json\/wp\/v2\/types\/page"}],"author":[{"embeddable":true,"href":"https:\/\/scen.ar\/io\/wp-json\/wp\/v2\/users\/2"}],"replies":[{"embeddable":true,"href":"https:\/\/scen.ar\/io\/wp-json\/wp\/v2\/comments?post=24375"}],"version-history":[{"count":4,"href":"https:\/\/scen.ar\/io\/wp-json\/wp\/v2\/pages\/24375\/revisions"}],"predecessor-version":[{"id":196327,"href":"https:\/\/scen.ar\/io\/wp-json\/wp\/v2\/pages\/24375\/revisions\/196327"}],"wp:attachment":[{"href":"https:\/\/scen.ar\/io\/wp-json\/wp\/v2\/media?parent=24375"}],"curies":[{"name":"wp","href":"https:\/\/api.w.org\/{rel}","templated":true}]}}